{"id":401,"date":"2024-04-05T21:34:07","date_gmt":"2024-04-05T19:34:07","guid":{"rendered":"http:\/\/aprocam.gob.bo\/?page_id=401"},"modified":"2025-02-25T19:35:05","modified_gmt":"2025-02-25T18:35:05","slug":"pei-descargable","status":"publish","type":"page","link":"http:\/\/aprocam.gob.bo\/index.php\/pei-descargable\/","title":{"rendered":"Plan Estrat\u00e9gico Institucional (PEI)"},"content":{"rendered":"\n<p><\/p>\n\n\n\n<h4 class=\"wp-block-heading\">Lorem Ipsum Presentaci\u00f3n del Plan Estrat\u00e9gico Institucional<\/h4>\n\n\n\n<p><\/p>\n\n\n\n<p><strong>Lorem Ipsum<\/strong> es simplemente el texto de relleno de las imprentas y archivos de texto. Lorem Ipsum ha sido el texto de relleno est\u00e1ndar de las industrias desde el a\u00f1o 1500, cuando un impresor (N. del T. persona que se dedica a la imprenta) desconocido us\u00f3 una galer\u00eda de textos y los mezcl\u00f3 de tal manera que logr\u00f3 hacer un libro de textos especimen.<\/p>\n\n\n\n<p><\/p>\n\n\n\n<h4 class=\"wp-block-heading\">Lorem Ipsum Diagn\u00f3stico<\/h4>\n\n\n\n<p><\/p>\n\n\n\n<ul class=\"wp-block-list\">\n<li><strong>Lorem Ipsum An\u00e1lisis interno<\/strong>: Lorem Ipsum es simplemente el texto de relleno de las imprentas y archivos de texto. <\/li>\n\n\n\n<li><strong>Lorem Ipsum<\/strong> <strong>An\u00e1lisis externo<\/strong>: Lorem Ipsum es simplemente el texto de relleno de las imprentas y archivos de texto.<\/li>\n<\/ul>\n\n\n\n<p><strong>Lorem Ipsum<\/strong> es simplemente el texto de relleno de las imprentas y archivos de texto. Lorem Ipsum ha sido el texto de relleno est\u00e1ndar de las industrias desde el a\u00f1o 1500, cuando un impresor (N. del T. persona que se dedica a la imprenta) desconocido us\u00f3 una galer\u00eda de textos y los mezcl\u00f3 de tal manera que logr\u00f3 hacer un libro de textos especimen.<\/p>\n\n\n\n<h4 class=\"wp-block-heading\">Lorem Ipsum Objetivos y Estrategias Institucionales<\/h4>\n\n\n\n<figure class=\"wp-block-table is-style-stripes\"><table class=\"has-cyan-bluish-gray-color has-white-background-color has-text-color has-background has-link-color\"><thead><tr><th>Resultado del PDES, PSDI\/PEM o PTDI<\/th><th>Objetivo estrat\u00e9gico institucional<\/th><\/tr><\/thead><tbody><tr><td>1.1.1 <strong>Lorem Ipsum<\/strong> es simplemente el texto de relleno de las imprentas y archivos de texto.<br>1.1.2 <strong>Lorem Ipsum<\/strong> es simplemente el texto de relleno de las imprentas y archivos de texto.<br>1.1.3 <strong>Lorem Ipsum<\/strong> es simplemente el texto de relleno de las imprentas y archivos de texto.<\/td><td>OEI 1. Lorem Ipsum es simplemente el texto de relleno de las imprentas y archivos de texto. Lorem Ipsum ha sido el texto de relleno est\u00e1ndar de las industrias desde el a\u00f1o 1500, cuando un impresor (N. del T. persona que se dedica a la imprenta) desconocido us\u00f3 una galer\u00eda de textos y los mezcl\u00f3 de tal manera que logr\u00f3 hacer un libro de textos especimen.<\/td><\/tr><tr><td><br>1.2.1 <strong>Lorem Ipsum<\/strong> es simplemente el texto de relleno de las imprentas y archivos de texto.<br>1.2.2 <strong>Lorem Ipsum<\/strong> es simplemente el texto de relleno de las imprentas y archivos de texto.<br>1.2.3 <strong>Lorem Ipsum<\/strong> es simplemente el texto de relleno de las imprentas y archivos de texto.<br>&#8230;<\/td><td>OEI 2. Lorem Ipsum es simplemente el texto de relleno de las imprentas y archivos de texto. Lorem Ipsum ha sido el texto de relleno est\u00e1ndar de las industrias desde el a\u00f1o 1500, cuando un impresor (N. del T. persona que se dedica a la imprenta) desconocido us\u00f3 una galer\u00eda de textos y los mezcl\u00f3 de tal manera que logr\u00f3 hacer un libro de textos especimen.<br>&#8230;<\/td><\/tr><tr><td>1.3.1 Lorem Ipsum es simplemente el texto de relleno de las imprentas y archivos de texto. Lorem Ipsum ha sido el texto de relleno est\u00e1ndar de las industrias desde el a\u00f1o 1500, cuando un impresor (N. del T. persona que se dedica a la imprenta) desconocido us\u00f3 una galer\u00eda de textos y los mezcl\u00f3 de tal manera que logr\u00f3 hacer un libro de textos especimen.<\/td><td>OEI 3. Lorem Ipsum es simplemente el texto de relleno de las imprentas y archivos de texto..<\/td><\/tr><tr><td><\/td><td><\/td><\/tr><tr><td><\/td><td><\/td><\/tr><\/tbody><\/table><\/figure>\n\n\n<div class=\"widget widget_documentos_widget\">        <section\n            id=\"documentos\"><div class=\"container p-4\">\n    <div class=\"row\">\n        <div class=\"col-12 col-md-12\">\n            <article id=\"post-401\" class=\"post-401 page type-page status-publish hentry\">\n                <h4>\n                    Documentos                <\/h4>\n\n\n\n                <form id=\"form-buscar_documentos\" role=\"search\" method=\"get\" class=\"form-inline border border-0\" action=\"http:\/\/aprocam.gob.bo\/index.php\/pei-descargable\/\">\n                    <div class=\"row align-items-end gy-3 pb-3\">\n\n                        <!-- Filtro A\u00f1o -->\n                        <div class=\"col-12 col-md-auto\">\n                            <label for=\"filtroAnioId\" class=\"icono-color form-label fw-semibold\">A\u00f1o<\/label>\n                            <select id=\"filtroAnioId\" name=\"anio\" class=\"form-select fondo-default texto-default\">\n                                <option value=\"\" selected>Seleccionar a\u00f1o<\/option>\n                                \n\n                                    <option value=\"2014\" >\n                                        2014                                    <\/option>\n                                \n\n                                    <option value=\"2013\" >\n                                        2013                                    <\/option>\n                                                            <\/select>\n                        <\/div>\n\n                        <!-- Filtro Titulo -->\n\n                        <div class=\"col-12 col-md-auto\">\n                            <label for=\"filtroTituloId\" class=\"icono-color form-label fw-semibold\">Descripci\u00f3n<\/label>\n\n                            <div class=\"input-group texto-default\" style=\"display: flex !important; \">\n\n                                <input type=\"text\" id=\"filtroTituloId\" placeholder=\"Buscar por descripci\u00f3n\" name=\"titulo\" class=\"form-control fondo-default texto-default\" value=\"\">\n                                <button style=\"cursor: pointer;\" onclick=\"resetarFormulario('filtroTituloId', 'form-buscar_documentos' )\" class=\"input-group-text fondo-default\" id=\"clearInputdocumentos\"><i class=\"bi bi-x-circle-fill texto-default\"><\/i><\/button>\n                            <\/div>\n                        <\/div>\n\n                        <!-- Bot\u00f3n de B\u00fasqueda -->\n                        <div class=\"col-12 col-md-auto\">\n                            <button class=\"btn boton text-white\">Buscar en esta categoria <i class=\"bi bi-search\"><\/i><\/button>\n                        <\/div>\n                    <\/div>\n                <\/form>\n\n\n                <div class=\"table-responsive\">\n                    <table class=\"table\">\n                        <thead>\n                            <tr>\n                                <th class=\"titulo-columna\" scope=\"col\">A\u00f1o<\/th>\n                                <th class=\"titulo-columna\">Descripci\u00f3n<\/th>\n                                <th class=\"titulo-columna\" scope=\"col\">Documento<\/th>\n                            <\/tr>\n                        <\/thead>\n                        <tbody>\n                                                                <tr>\n                                        <td>2014<\/td>\n                                        <td>Lorem Ipsum Documentoto Resoluci\u00f3n Ministerial con el que se aprueba el PEI<\/td>\n                                        <td>\n                                            <ul class=\"list-unstyled\">\n                                                <li><a href=\"http:\/\/aprocam.gob.bo\/wp-content\/uploads\/2025\/01\/lorem-ipsum.pdf\" target=\"_blank\"><i class=\"bi bi-file-earmark-pdf icono-pdf\"><\/i> Descargar archivo<\/a><\/li>\n                                            <\/ul>\n                                        <\/td>\n                                    <\/tr>\n                                                                    <tr>\n                                        <td>2013<\/td>\n                                        <td>Lorem Ipsum Documentoto Resoluci\u00f3n Ministerial con el que se aprueba el PEI<\/td>\n                                        <td>\n                                            <ul class=\"list-unstyled\">\n                                                <li><a href=\"http:\/\/aprocam.gob.bo\/wp-content\/uploads\/2025\/01\/lorem-ipsum.pdf\" target=\"_blank\"><i class=\"bi bi-file-earmark-pdf icono-pdf\"><\/i> Descargar archivo<\/a><\/li>\n                                            <\/ul>\n                                        <\/td>\n                                    <\/tr>\n                                                        <\/tbody>\n                    <\/table>\n                <\/div>\n\n\n                <nav aria-label=\"...\">\n                    <ul class=\"custom-pagination pagination justify-content-center\">\n                                            <\/ul>\n                <\/nav>\n            <\/article>\n        <\/div>\n    <\/div>\n<\/div>        <\/section>\n        <\/div>","protected":false},"excerpt":{"rendered":"<p>Lorem Ipsum Presentaci\u00f3n del Plan Estrat\u00e9gico Institucional Lorem Ipsum es simplemente el texto de relleno de las imprentas y archivos de texto. Lorem Ipsum ha sido el texto de relleno est\u00e1ndar de las industrias desde el a\u00f1o 1500, cuando un impresor (N. del T. persona que se dedica a la imprenta) desconocido us\u00f3 una galer\u00eda [&hellip;]<\/p>\n","protected":false},"author":1,"featured_media":0,"parent":0,"menu_order":0,"comment_status":"closed","ping_status":"closed","template":"","meta":{"_acf_changed":false,"footnotes":"[]"},"class_list":["post-401","page","type-page","status-publish","hentry"],"acf":[],"_links":{"self":[{"href":"http:\/\/aprocam.gob.bo\/index.php\/wp-json\/wp\/v2\/pages\/401","targetHints":{"allow":["GET"]}}],"collection":[{"href":"http:\/\/aprocam.gob.bo\/index.php\/wp-json\/wp\/v2\/pages"}],"about":[{"href":"http:\/\/aprocam.gob.bo\/index.php\/wp-json\/wp\/v2\/types\/page"}],"author":[{"embeddable":true,"href":"http:\/\/aprocam.gob.bo\/index.php\/wp-json\/wp\/v2\/users\/1"}],"replies":[{"embeddable":true,"href":"http:\/\/aprocam.gob.bo\/index.php\/wp-json\/wp\/v2\/comments?post=401"}],"version-history":[{"count":26,"href":"http:\/\/aprocam.gob.bo\/index.php\/wp-json\/wp\/v2\/pages\/401\/revisions"}],"predecessor-version":[{"id":17166,"href":"http:\/\/aprocam.gob.bo\/index.php\/wp-json\/wp\/v2\/pages\/401\/revisions\/17166"}],"wp:attachment":[{"href":"http:\/\/aprocam.gob.bo\/index.php\/wp-json\/wp\/v2\/media?parent=401"}],"curies":[{"name":"wp","href":"https:\/\/api.w.org\/{rel}","templated":true}]}}