{"id":328,"date":"2024-04-05T21:30:59","date_gmt":"2024-04-05T19:30:59","guid":{"rendered":"http:\/\/aprocam.gob.bo\/?page_id=328"},"modified":"2025-05-16T15:57:30","modified_gmt":"2025-05-16T13:57:30","slug":"descripcion-de-los-objetivos-y-funciones-principales-de-la-entidad-2","status":"publish","type":"page","link":"http:\/\/aprocam.gob.bo\/index.php\/descripcion-de-los-objetivos-y-funciones-principales-de-la-entidad-2\/","title":{"rendered":"Objetivos Institucionales."},"content":{"rendered":"<div class=\"wp-block-image\">\n<figure class=\"aligncenter size-full\"><img loading=\"lazy\" decoding=\"async\" width=\"512\" height=\"512\" src=\"http:\/\/aprocam.gob.bo\/wp-content\/uploads\/2024\/12\/cropped-icone-photo2.png\" alt=\"\" class=\"wp-image-16967\" srcset=\"http:\/\/aprocam.gob.bo\/wp-content\/uploads\/2024\/12\/cropped-icone-photo2.png 512w, http:\/\/aprocam.gob.bo\/wp-content\/uploads\/2024\/12\/cropped-icone-photo2-300x300.png 300w, http:\/\/aprocam.gob.bo\/wp-content\/uploads\/2024\/12\/cropped-icone-photo2-150x150.png 150w, http:\/\/aprocam.gob.bo\/wp-content\/uploads\/2024\/12\/cropped-icone-photo2-250x250.png 250w, http:\/\/aprocam.gob.bo\/wp-content\/uploads\/2024\/12\/cropped-icone-photo2-270x270.png 270w, http:\/\/aprocam.gob.bo\/wp-content\/uploads\/2024\/12\/cropped-icone-photo2-192x192.png 192w, http:\/\/aprocam.gob.bo\/wp-content\/uploads\/2024\/12\/cropped-icone-photo2-180x180.png 180w, http:\/\/aprocam.gob.bo\/wp-content\/uploads\/2024\/12\/cropped-icone-photo2-32x32.png 32w\" sizes=\"auto, (max-width: 512px) 100vw, 512px\" \/><\/figure>\n<\/div>\n\n\n<p class=\"has-medium-font-size\">Lorem Ipsum es simplemente el texto de relleno de las imprentas y archivos de texto. Lorem Ipsum ha sido el texto de relleno est\u00e1ndar de las industrias desde el a\u00f1o 1500, cuando un impresor (N. del T. persona que se dedica a la imprenta) desconocido us\u00f3 una galer\u00eda de textos y los mezcl\u00f3 de tal manera que logr\u00f3 hacer un libro de textos especimen.<\/p>\n\n\n\n<h2 class=\"wp-block-heading\">Lorem Objetivos<\/h2>\n\n\n\n<ul class=\"wp-block-list\">\n<li class=\"has-medium-font-size\">Lorem Ipsum es simplemente el texto de relleno de las imprentas y archivos de texto.<\/li>\n\n\n\n<li class=\"has-medium-font-size\">Lorem Ipsum es simplemente el texto de relleno de las imprentas y archivos de texto.<\/li>\n\n\n\n<li class=\"has-medium-font-size\">Lorem Ipsum es simplemente el texto de relleno de las imprentas y archivos de texto&#8230;<\/li>\n<\/ul>\n\n\n\n<p><\/p>\n\n\n\n<p>&nbsp;<\/p>\n\n\n\n<div style=\"display: flex; align-items: center;\">\n  <img decoding=\"async\" src=\"http:\/\/aprocam.gob.bo\/wp-content\/uploads\/2024\/12\/cropped-icone-photo2.png\" alt=\"Descripci\u00f3n de la imagen\" style=\"width: 150px; height: auto; margin-right: 15px;\">\n  <p style=\"margin: 0;\">Esta es la descripci\u00f3n de la imagen. Puedes ajustar este texto seg\u00fan sea necesario.<\/p>\n<\/div>\n\n<div style=\"display: flex; align-items: center;\">\n  <img decoding=\"async\" src=\"http:\/\/aprocam.gob.bo\/wp-content\/uploads\/2024\/12\/cropped-icone-photo2.png\" alt=\"Descripci\u00f3n de la imagen\" style=\"width: 150px; height: auto; margin-right: 15px;\">\n  <p style=\"margin: 0;\">Esta es la descripci\u00f3n de la imagen. Puedes ajustar este texto seg\u00fan sea necesario.<\/p>\n<\/div>\n\n<div style=\"display: flex; align-items: center;\">\n  <img decoding=\"async\" src=\"http:\/\/aprocam.gob.bo\/wp-content\/uploads\/2024\/12\/cropped-icone-photo2.png\" alt=\"Descripci\u00f3n de la imagen\" style=\"width: 150px; height: auto; margin-right: 15px;\">\n  <p style=\"margin: 0;\">Esta es la descripci\u00f3n de la imagen. Puedes ajustar este texto seg\u00fan sea necesario.<\/p>\n<\/div>\n","protected":false},"excerpt":{"rendered":"<p>Lorem Ipsum es simplemente el texto de relleno de las imprentas y archivos de texto. Lorem Ipsum ha sido el texto de relleno est\u00e1ndar de las industrias desde el a\u00f1o 1500, cuando un impresor (N. del T. persona que se dedica a la imprenta) desconocido us\u00f3 una galer\u00eda de textos y los mezcl\u00f3 de tal [&hellip;]<\/p>\n","protected":false},"author":1,"featured_media":0,"parent":0,"menu_order":0,"comment_status":"closed","ping_status":"closed","template":"","meta":{"_acf_changed":false,"footnotes":""},"class_list":["post-328","page","type-page","status-publish","hentry"],"acf":[],"_links":{"self":[{"href":"http:\/\/aprocam.gob.bo\/index.php\/wp-json\/wp\/v2\/pages\/328","targetHints":{"allow":["GET"]}}],"collection":[{"href":"http:\/\/aprocam.gob.bo\/index.php\/wp-json\/wp\/v2\/pages"}],"about":[{"href":"http:\/\/aprocam.gob.bo\/index.php\/wp-json\/wp\/v2\/types\/page"}],"author":[{"embeddable":true,"href":"http:\/\/aprocam.gob.bo\/index.php\/wp-json\/wp\/v2\/users\/1"}],"replies":[{"embeddable":true,"href":"http:\/\/aprocam.gob.bo\/index.php\/wp-json\/wp\/v2\/comments?post=328"}],"version-history":[{"count":13,"href":"http:\/\/aprocam.gob.bo\/index.php\/wp-json\/wp\/v2\/pages\/328\/revisions"}],"predecessor-version":[{"id":17121,"href":"http:\/\/aprocam.gob.bo\/index.php\/wp-json\/wp\/v2\/pages\/328\/revisions\/17121"}],"wp:attachment":[{"href":"http:\/\/aprocam.gob.bo\/index.php\/wp-json\/wp\/v2\/media?parent=328"}],"curies":[{"name":"wp","href":"https:\/\/api.w.org\/{rel}","templated":true}]}}