{"id":309,"date":"2024-04-05T21:30:25","date_gmt":"2024-04-05T19:30:25","guid":{"rendered":"http:\/\/aprocam.gob.bo\/?page_id=309"},"modified":"2026-03-10T12:05:19","modified_gmt":"2026-03-10T16:05:19","slug":"declaracion-de-la-mision-vision-valores-y-principios-de-la-entidad","status":"publish","type":"page","link":"http:\/\/aprocam.gob.bo\/index.php\/declaracion-de-la-mision-vision-valores-y-principios-de-la-entidad\/","title":{"rendered":"Misi\u00f3n, Visi\u00f3n, Valores y Principios de la Entidad"},"content":{"rendered":"\n<p><\/p>\n\n\n\n<h2 class=\"wp-block-heading\">Misi\u00f3n<\/h2>\n\n\n\n<p>Promover el desarrollo productivo manufacturero y tur\u00edstico del pa\u00eds, mediante la generaci\u00f3n de pol\u00edticas, estrategias planes y programas que fortalezcan a los actores de la econom\u00eda plural, incrementando la articulaci\u00f3n de la producci\u00f3n nacional, con valor agregado, en los mercados, as\u00ed como el turismo nacional; en armon\u00eda con la Madre Tierra.<\/p>\n\n\n\n<h2 class=\"wp-block-heading\">Visi\u00f3n<\/h2>\n\n\n\n<p>El Ministerio de Desarrollo Productivo y Econom\u00eda Plural es una instituci\u00f3n eficiente, transparente y comprometida, al servicio de los actores de la econom\u00eda plural, que promueve el desarrollo productivo con valor agregado, la diversificaci\u00f3n y desarrollo de los mercados interno y externo, la seguridad alimentaria y el turismo bajo los principios de inclusi\u00f3n, reciprocidad, complementariedad, equidad y soberan\u00eda con la Madre Tierra.<\/p>\n\n\n\n<h2 class=\"wp-block-heading\">Valores:<\/h2>\n\n\n\n<ul class=\"wp-block-list\">\n<li>Trabajo en equipo<\/li>\n\n\n\n<li>Trabajo orientado a la calidad del servicio<\/li>\n\n\n\n<li>Innovaci\u00f3n y creatividad<\/li>\n\n\n\n<li>Liderazgo<\/li>\n\n\n\n<li>Transparencia<\/li>\n\n\n\n<li>Eficiencia<\/li>\n\n\n\n<li>Responsabilidad<\/li>\n\n\n\n<li>Compromiso social<\/li>\n\n\n\n<li>Respeto<\/li>\n\n\n\n<li>Pluralidad<\/li>\n<\/ul>\n\n\n\n<h2 class=\"wp-block-heading\">Principios:<\/h2>\n\n\n\n<ul class=\"wp-block-list\">\n<li>Ama sua \u2013 Janiw Lunthata \u2013 No seas ladr\u00f3n<\/li>\n\n\n\n<li>Ama llulla \u2013 Janiw K\u2019arisiri \u2013 No seas mentiroso<\/li>\n\n\n\n<li>Ama quella \u2013 Janiw Jayra \u2013 No seas flojo<\/li>\n<\/ul>\n\n\n\n<figure class=\"wp-block-gallery has-nested-images columns-default is-cropped wp-block-gallery-1 is-layout-flex wp-block-gallery-is-layout-flex\"><\/figure>\n\n\n\n<p><\/p>\n","protected":false},"excerpt":{"rendered":"<p>Misi\u00f3n Promover el desarrollo productivo manufacturero y tur\u00edstico del pa\u00eds, mediante la generaci\u00f3n de pol\u00edticas, estrategias planes y programas que fortalezcan a los actores de la econom\u00eda plural, incrementando la articulaci\u00f3n de la producci\u00f3n nacional, con valor agregado, en los mercados, as\u00ed como el turismo nacional; en armon\u00eda con la Madre Tierra. Visi\u00f3n El Ministerio [&hellip;]<\/p>\n","protected":false},"author":1,"featured_media":0,"parent":0,"menu_order":0,"comment_status":"closed","ping_status":"closed","template":"","meta":{"_acf_changed":false,"footnotes":""},"class_list":["post-309","page","type-page","status-publish","hentry"],"acf":[],"_links":{"self":[{"href":"http:\/\/aprocam.gob.bo\/index.php\/wp-json\/wp\/v2\/pages\/309","targetHints":{"allow":["GET"]}}],"collection":[{"href":"http:\/\/aprocam.gob.bo\/index.php\/wp-json\/wp\/v2\/pages"}],"about":[{"href":"http:\/\/aprocam.gob.bo\/index.php\/wp-json\/wp\/v2\/types\/page"}],"author":[{"embeddable":true,"href":"http:\/\/aprocam.gob.bo\/index.php\/wp-json\/wp\/v2\/users\/1"}],"replies":[{"embeddable":true,"href":"http:\/\/aprocam.gob.bo\/index.php\/wp-json\/wp\/v2\/comments?post=309"}],"version-history":[{"count":19,"href":"http:\/\/aprocam.gob.bo\/index.php\/wp-json\/wp\/v2\/pages\/309\/revisions"}],"predecessor-version":[{"id":25743,"href":"http:\/\/aprocam.gob.bo\/index.php\/wp-json\/wp\/v2\/pages\/309\/revisions\/25743"}],"wp:attachment":[{"href":"http:\/\/aprocam.gob.bo\/index.php\/wp-json\/wp\/v2\/media?parent=309"}],"curies":[{"name":"wp","href":"https:\/\/api.w.org\/{rel}","templated":true}]}}