{"id":17076,"date":"2025-05-07T22:06:32","date_gmt":"2025-05-07T20:06:32","guid":{"rendered":"http:\/\/aprocam.gob.bo\/?page_id=17076"},"modified":"2025-05-07T22:06:54","modified_gmt":"2025-05-07T20:06:54","slug":"formulario-de-solicitud-de-informacion","status":"publish","type":"page","link":"http:\/\/aprocam.gob.bo\/index.php\/formulario-de-solicitud-de-informacion\/","title":{"rendered":"Formulario de Solicitud de Informaci\u00f3n"},"content":{"rendered":"\n<div class=\"wp-block-contact-form-7-contact-form-selector\">\n<div class=\"wpcf7 no-js\" id=\"wpcf7-f17065-o1\" lang=\"es-ES\" dir=\"ltr\" data-wpcf7-id=\"17065\">\n<div class=\"screen-reader-response\"><p role=\"status\" aria-live=\"polite\" aria-atomic=\"true\"><\/p> <ul><\/ul><\/div>\n<form action=\"\/index.php\/wp-json\/wp\/v2\/pages\/17076#wpcf7-f17065-o1\" method=\"post\" class=\"wpcf7-form init\" aria-label=\"Formulario de contacto\" novalidate=\"novalidate\" data-status=\"init\">\n<div style=\"display: none;\">\n<input type=\"hidden\" name=\"_wpcf7\" value=\"17065\" \/>\n<input type=\"hidden\" name=\"_wpcf7_version\" value=\"6.0.6\" \/>\n<input type=\"hidden\" name=\"_wpcf7_locale\" value=\"es_ES\" \/>\n<input type=\"hidden\" name=\"_wpcf7_unit_tag\" value=\"wpcf7-f17065-o1\" \/>\n<input type=\"hidden\" name=\"_wpcf7_container_post\" value=\"0\" \/>\n<input type=\"hidden\" name=\"_wpcf7_posted_data_hash\" value=\"\" \/>\n<\/div>\n<div class=\"alert alert-secondary d-flex align-items-center\" role=\"alert\">\n\t<p class='pb-0 mb-0'><i class=\"bi bi-exclamation-triangle-fill pe-2\"><\/i>\n\t<\/p>\n\t<div>\n\t\t<p class='pb-0 mb-0'> Los campos marcados con (*) son de llenado obligartorio\n\t\t<\/p>\n\t<\/div>\n<\/div>\n<p><strong>Identificaci\u00f3n del denunciante<\/strong>\n<\/p>\n<p><label> Nombres *<br \/>\n<span class=\"wpcf7-form-control-wrap\" data-name=\"nombre\"><input size=\"40\" maxlength=\"400\" class=\"wpcf7-form-control wpcf7-text wpcf7-validates-as-required form-control fondo-default texto-default\" autocomplete=\"name\" aria-required=\"true\" aria-invalid=\"false\" placeholder=\"Nombres\" value=\"\" type=\"text\" name=\"nombre\" \/><\/span> <\/label>\n<\/p>\n<p><label> Apellidos *<br \/>\n<span class=\"wpcf7-form-control-wrap\" data-name=\"apellido\"><input size=\"40\" maxlength=\"400\" class=\"wpcf7-form-control wpcf7-text wpcf7-validates-as-required form-control fondo-default texto-default\" autocomplete=\"lastname\" aria-required=\"true\" aria-invalid=\"false\" placeholder=\"Apellidos\" value=\"\" type=\"text\" name=\"apellido\" \/><\/span> <\/label>\n<\/p>\n<p><label> Nro. de C\u00e9dula de identidad *<br \/>\n<span class=\"wpcf7-form-control-wrap\" data-name=\"ci\"><input size=\"40\" maxlength=\"400\" class=\"wpcf7-form-control wpcf7-text wpcf7-validates-as-required form-control fondo-default texto-default\" autocomplete=\"ci\" aria-required=\"true\" aria-invalid=\"false\" placeholder=\"Ej. 7047052\" value=\"\" type=\"text\" name=\"ci\" \/><\/span> <\/label>\n<\/p>\n<p><label> Nro. de Celular *<br \/>\n<span class=\"wpcf7-form-control-wrap\" data-name=\"celular\"><input size=\"40\" maxlength=\"400\" class=\"wpcf7-form-control wpcf7-text wpcf7-validates-as-required form-control fondo-default texto-default\" autocomplete=\"ci\" aria-required=\"true\" aria-invalid=\"false\" placeholder=\"Ej. 68039368\" value=\"\" type=\"text\" name=\"celular\" \/><\/span> <\/label>\n<\/p>\n<p><label> Direcci\u00f3n de correo electr\u00f3nico<br \/>\n<span class=\"wpcf7-form-control-wrap\" data-name=\"email\"><input size=\"40\" maxlength=\"400\" class=\"wpcf7-form-control wpcf7-email wpcf7-validates-as-required wpcf7-text wpcf7-validates-as-email form-control fondo-default texto-default\" autocomplete=\"email\" aria-required=\"true\" aria-invalid=\"false\" placeholder=\"ejemplo@dominio.com\" value=\"\" type=\"email\" name=\"email\" \/><\/span> <\/label>\n<\/p>\n<p><strong>Solicitud<\/strong>\n<\/p>\n<p><label class=\"pb-0 mb-0\"> Petici\u00f3n concreta * <span class=\"wpcf7-form-control-wrap\" data-name=\"descripcion\"><textarea cols=\"40\" rows=\"4\" maxlength=\"2000\" class=\"wpcf7-form-control wpcf7-textarea pb-0 mb-0 form-control fondo-default texto-default\" aria-invalid=\"false\" placeholder=\"Realice la descripci\u00f3n concreta de la petici\u00f3n...\" name=\"descripcion\"><\/textarea><\/span> <\/label><br \/>\n<label class=\"form-text\">Escriba de manera precisa la informaci\u00f3n que solicita a la instituci\u00f3n, especificando el \u00c1rea o Unidad que la genera.<\/label>\n<\/p>\n<p><strong>Forma de recepci\u00f3n de la informaci\u00f3n solicitada <\/strong>\n<\/p>\n<p><span class=\"wpcf7-form-control-wrap\" data-name=\"checkbox-recepcion\"><span class=\"wpcf7-form-control wpcf7-checkbox wpcf7-validates-as-required\"><span class=\"wpcf7-list-item first\"><input type=\"checkbox\" name=\"checkbox-recepcion[]\" value=\"Recojo en la instituci\u00f3n\" \/><span class=\"wpcf7-list-item-label\">Recojo en la instituci\u00f3n<\/span><\/span><span class=\"wpcf7-list-item last\"><input type=\"checkbox\" name=\"checkbox-recepcion[]\" value=\"Mensaje de correo electr\u00f3nico\" \/><span class=\"wpcf7-list-item-label\">Mensaje de correo electr\u00f3nico<\/span><\/span><\/span><\/span>\n<\/p>\n<p><strong>Uso de la informaci\u00f3n <\/strong><br \/>\nLa informaci\u00f3n solicitada, si bien es considerada p\u00fablica debe ser usada para fines estrictamente l\u00edcitos, cuya responsabilidad es de la instituci\u00f3n que custodia la misma y mediante el presente formulario y a partir de la recepci\u00f3n de la misma, usted es corresponsable de su buen manejo.\n<\/p>\n<p><input class=\"wpcf7-form-control wpcf7-submit has-spinner btn boton text-white\" type=\"submit\" value=\"Enviar\" \/>\n<\/p><div class=\"wpcf7-response-output\" aria-hidden=\"true\"><\/div>\n<\/form>\n<\/div>\n<\/div>\n\n\n\n<p><\/p>\n","protected":false},"excerpt":{"rendered":"","protected":false},"author":1,"featured_media":0,"parent":0,"menu_order":0,"comment_status":"closed","ping_status":"closed","template":"","meta":{"_acf_changed":false,"footnotes":""},"class_list":["post-17076","page","type-page","status-publish","hentry"],"acf":[],"_links":{"self":[{"href":"http:\/\/aprocam.gob.bo\/index.php\/wp-json\/wp\/v2\/pages\/17076","targetHints":{"allow":["GET"]}}],"collection":[{"href":"http:\/\/aprocam.gob.bo\/index.php\/wp-json\/wp\/v2\/pages"}],"about":[{"href":"http:\/\/aprocam.gob.bo\/index.php\/wp-json\/wp\/v2\/types\/page"}],"author":[{"embeddable":true,"href":"http:\/\/aprocam.gob.bo\/index.php\/wp-json\/wp\/v2\/users\/1"}],"replies":[{"embeddable":true,"href":"http:\/\/aprocam.gob.bo\/index.php\/wp-json\/wp\/v2\/comments?post=17076"}],"version-history":[{"count":2,"href":"http:\/\/aprocam.gob.bo\/index.php\/wp-json\/wp\/v2\/pages\/17076\/revisions"}],"predecessor-version":[{"id":17078,"href":"http:\/\/aprocam.gob.bo\/index.php\/wp-json\/wp\/v2\/pages\/17076\/revisions\/17078"}],"wp:attachment":[{"href":"http:\/\/aprocam.gob.bo\/index.php\/wp-json\/wp\/v2\/media?parent=17076"}],"curies":[{"name":"wp","href":"https:\/\/api.w.org\/{rel}","templated":true}]}}