{"id":17068,"date":"2025-05-07T21:53:32","date_gmt":"2025-05-07T19:53:32","guid":{"rendered":"http:\/\/aprocam.gob.bo\/?page_id=17068"},"modified":"2025-05-07T22:12:25","modified_gmt":"2025-05-07T20:12:25","slug":"17068-2","status":"publish","type":"page","link":"http:\/\/aprocam.gob.bo\/index.php\/17068-2\/","title":{"rendered":"Denuncias por Hechos de Corrupci\u00f3n"},"content":{"rendered":"\n<p>El Ministerio de Justicia y Transparencia Institucional pone a su disposici\u00f3n las siguientes v\u00edas para que usted realice su denuncia:<\/p>\n\n\n\n<p> <h4> SITPRECO <\/h4> <\/p>\n\n\n\n<p>Sistema de Informaci\u00f3n de Transparencia, Prevenci\u00f3n y Lucha Contra la Corrupci\u00f3n<\/p>\n\n\n\n<p>Si usted cuenta con Ciudadan\u00eda Digital puede presentar su denuncia de forma directa al Ministerio de Justicia y Transparencia Institucional a trav\u00e9s del sistema SITPRECO<\/p>\n\n\n\n<p><a href=\"https:\/\/sitpreco.s2plus.transparencia.gob.bo\/\"><strong>Acceder al sistema SITPRECO -&gt;<\/strong><\/a><\/p>\n\n\n\n<p><h4>Formulario de denuncias<\/h4><\/p>\n\n\n\n<p>Si usted no cuenta con Ciudadan\u00eda Digital, puede presentar su Denuncia por hechos de corrupci\u00f3n de forma an\u00f3nima al \u00c1rea de Transparencia Institucional mediante el siguiente formulario:<\/p>\n\n\n\n<p><a href=\"http:\/\/aprocam.gob.bo\/index.php\/formulario-de-denuncias\/\"><strong>Acceder al formulario -><\/strong><\/a><\/p>\n\n\n\n<p><h4>L\u00ednea telef\u00f3nica<\/h4><\/p>\n\n\n\n<p>El \u00c1rea de Transparencia Institucional pone a su disposici\u00f3n la siguiente l\u00ednea telef\u00f3nica para recibir sus denuncias.<\/p>\n\n\n\n<p><strong>800-10-5002<\/strong><\/p>\n\n\n\n<p><h4>Presentaci\u00f3n presencial del Formulario de denuncias<\/h4><\/p>\n\n\n\n<p>Usted puede apersonarse a cualquiera de nuestras oficinas y solicitar un ejemplar impreso del Formulario de Denuncias de Hechos de corrupci\u00f3n. Una vez llenado, podr\u00e1 depositarlo en el buz\u00f3n respectivo.<\/p>\n\n\n\n<p><\/p>\n","protected":false},"excerpt":{"rendered":"<p>El Ministerio de Justicia y Transparencia Institucional pone a su disposici\u00f3n las siguientes v\u00edas para que usted realice su denuncia: SITPRECO Sistema de Informaci\u00f3n de Transparencia, Prevenci\u00f3n y Lucha Contra la Corrupci\u00f3n Si usted cuenta con Ciudadan\u00eda Digital puede presentar su denuncia de forma directa al Ministerio de Justicia y Transparencia Institucional a trav\u00e9s del [&hellip;]<\/p>\n","protected":false},"author":1,"featured_media":0,"parent":0,"menu_order":0,"comment_status":"closed","ping_status":"closed","template":"","meta":{"_acf_changed":false,"footnotes":""},"class_list":["post-17068","page","type-page","status-publish","hentry"],"acf":[],"_links":{"self":[{"href":"http:\/\/aprocam.gob.bo\/index.php\/wp-json\/wp\/v2\/pages\/17068","targetHints":{"allow":["GET"]}}],"collection":[{"href":"http:\/\/aprocam.gob.bo\/index.php\/wp-json\/wp\/v2\/pages"}],"about":[{"href":"http:\/\/aprocam.gob.bo\/index.php\/wp-json\/wp\/v2\/types\/page"}],"author":[{"embeddable":true,"href":"http:\/\/aprocam.gob.bo\/index.php\/wp-json\/wp\/v2\/users\/1"}],"replies":[{"embeddable":true,"href":"http:\/\/aprocam.gob.bo\/index.php\/wp-json\/wp\/v2\/comments?post=17068"}],"version-history":[{"count":3,"href":"http:\/\/aprocam.gob.bo\/index.php\/wp-json\/wp\/v2\/pages\/17068\/revisions"}],"predecessor-version":[{"id":17080,"href":"http:\/\/aprocam.gob.bo\/index.php\/wp-json\/wp\/v2\/pages\/17068\/revisions\/17080"}],"wp:attachment":[{"href":"http:\/\/aprocam.gob.bo\/index.php\/wp-json\/wp\/v2\/media?parent=17068"}],"curies":[{"name":"wp","href":"https:\/\/api.w.org\/{rel}","templated":true}]}}